{"id":7,"date":"2025-08-24T13:50:33","date_gmt":"2025-08-24T13:50:33","guid":{"rendered":"https:\/\/thirdplacemalaga.com\/?page_id=7"},"modified":"2025-12-09T19:32:56","modified_gmt":"2025-12-09T19:32:56","slug":"home","status":"publish","type":"page","link":"https:\/\/thirdplacemalaga.com\/es\/","title":{"rendered":"Home"},"content":{"rendered":"<div class=\"wp-block-cover\" style=\"border-style:none;border-width:0px;margin-top:0;margin-bottom:0;padding-right:0;padding-left:0;min-height:50vh;aspect-ratio:unset;\"><img loading=\"lazy\" decoding=\"async\" width=\"2560\" height=\"2048\" class=\"wp-block-cover__image-background wp-image-60 size-full\" alt=\"\" src=\"https:\/\/thirdplacemalaga.com\/wp-content\/uploads\/2025\/08\/actionvance-g41ZkoO75rE-unsplash-scaled.jpg\" style=\"object-position:48% 42%\" data-object-fit=\"cover\" data-object-position=\"48% 42%\" srcset=\"https:\/\/thirdplacemalaga.com\/wp-content\/uploads\/2025\/08\/actionvance-g41ZkoO75rE-unsplash-scaled.jpg 2560w, https:\/\/thirdplacemalaga.com\/wp-content\/uploads\/2025\/08\/actionvance-g41ZkoO75rE-unsplash-300x240.jpg 300w, https:\/\/thirdplacemalaga.com\/wp-content\/uploads\/2025\/08\/actionvance-g41ZkoO75rE-unsplash-1024x819.jpg 1024w, https:\/\/thirdplacemalaga.com\/wp-content\/uploads\/2025\/08\/actionvance-g41ZkoO75rE-unsplash-768x614.jpg 768w, https:\/\/thirdplacemalaga.com\/wp-content\/uploads\/2025\/08\/actionvance-g41ZkoO75rE-unsplash-1536x1229.jpg 1536w, https:\/\/thirdplacemalaga.com\/wp-content\/uploads\/2025\/08\/actionvance-g41ZkoO75rE-unsplash-2048x1639.jpg 2048w\" sizes=\"auto, (max-width: 2560px) 100vw, 2560px\" \/><span aria-hidden=\"true\" class=\"wp-block-cover__background has-background-dim-20 has-background-dim\" style=\"background-color:#616241\"><\/span><div class=\"wp-block-cover__inner-container has-global-padding is-layout-constrained wp-container-core-cover-is-layout-9f7737cb wp-block-cover-is-layout-constrained\">\n<h2 class=\"wp-block-heading has-text-align-center has-xx-large-font-size\" style=\"margin-top:0;margin-right:0px;margin-bottom:0;margin-left:0px;padding-top:0;padding-right:0px;padding-bottom:0;padding-left:0px\">You&#8217;re almost there<\/h2>\n<\/div><\/div>\n\n\n\n<h2 class=\"wp-block-heading has-text-align-center has-background-color has-foreground-background-color has-text-color has-background has-link-color has-large-font-size wp-elements-9793aec240ff99a36fe31a00105bddd1\" style=\"padding-top:5%\">Third Place M\u00e1laga<\/h2>\n\n\n\n<p class=\"has-text-align-center has-background-color has-foreground-background-color has-text-color has-background has-link-color has-medium-font-size wp-elements-169d30c87f846b3b1c709025b4c138b8\" style=\"padding-right:10%;padding-bottom:5%;padding-left:10%\">Una comunidad en M\u00e1laga centrada en el movimiento, la consciencia corporal, la creatividad, la conexi\u00f3n y la risa. \u00danete a uno de nuestros eventos hoy \ud83d\ude42<\/p>\n\n\n\n<div class=\"wp-block-media-text alignwide is-stacked-on-mobile has-background-color has-text-color has-background has-link-color wp-elements-00bff57f07dc1aeba0180da31c462e88\" style=\"background-color:#000000;padding-right:10%;padding-left:10%;grid-template-columns:40% auto\"><figure  class=\"wp-block-media-text__media\"><img loading=\"lazy\" decoding=\"async\" width=\"512\" height=\"512\" alt=\"\" src=\"https:\/\/thirdplacemalaga.com\/wp-content\/uploads\/2025\/08\/cropped-ThirdPlace-Large-1.webp\" class=\"wp-image-208 size-full\" srcset=\"https:\/\/thirdplacemalaga.com\/wp-content\/uploads\/2025\/08\/cropped-ThirdPlace-Large-1.webp 512w, https:\/\/thirdplacemalaga.com\/wp-content\/uploads\/2025\/08\/cropped-ThirdPlace-Large-1-300x300.webp 300w, https:\/\/thirdplacemalaga.com\/wp-content\/uploads\/2025\/08\/cropped-ThirdPlace-Large-1-150x150.webp 150w, https:\/\/thirdplacemalaga.com\/wp-content\/uploads\/2025\/08\/cropped-ThirdPlace-Large-1-270x270.webp 270w, https:\/\/thirdplacemalaga.com\/wp-content\/uploads\/2025\/08\/cropped-ThirdPlace-Large-1-192x192.webp 192w, https:\/\/thirdplacemalaga.com\/wp-content\/uploads\/2025\/08\/cropped-ThirdPlace-Large-1-180x180.webp 180w, https:\/\/thirdplacemalaga.com\/wp-content\/uploads\/2025\/08\/cropped-ThirdPlace-Large-1-32x32.webp 32w\" sizes=\"auto, (max-width: 512px) 100vw, 512px\" \/><\/figure><div class=\"wp-block-media-text__content\">\n<p>Conecta con personas afines apasionadas por la comunidad, la vida consciente, el movimiento, la consciencia corporal, la creatividad, la conexi\u00f3n y la risa. <\/p>\n\n\n\n<p>Tanto si buscas nuevas amistades, explorar pr\u00e1cticas espirituales o encontrar un nuevo hobby creativo, \u00a1te damos la bienvenida! Construyamos una red de apoyo, compartamos ideas y descubramos juntos la belleza de M\u00e1laga.<\/p>\n\n\n\n<p>Join us for an event today \ud83d\ude42<\/p>\n<\/div><\/div>\n\n\n\n<div class=\"wp-block-buttons has-foreground-background-color has-background is-content-justification-center is-layout-flex wp-container-core-buttons-is-layout-a89b3969 wp-block-buttons-is-layout-flex\">\n<div class=\"wp-block-button has-custom-width wp-block-button__width-50 is-style-outline is-style-outline--2\"><a class=\"wp-block-button__link has-background-color has-foreground-background-color has-text-color has-background has-link-color has-text-align-center wp-element-button\" href=\"https:\/\/thirdplacemalaga.com\/es\/calendar\/\" style=\"border-width:1px;border-radius:20px\">Check our calendar for the next event<\/a><\/div>\n<\/div>\n\n\n\n<p><\/p>","protected":false},"excerpt":{"rendered":"<p>Third Place M\u00e1laga A community in Malaga centered around movement, body-awareness, creativity, connection and laughter. Join us for an event today \ud83d\ude42 Connect with like-minded individuals passionate about community, conscious living, movement, body-awareness, creativity, connection and laughter. Whether you&#8217;re seeking new friendships, exploring spiritual practices, looking for a new creative hobby, we welcome you! Let&#8217;s [&hellip;]<\/p>\n","protected":false},"author":1,"featured_media":208,"parent":0,"menu_order":0,"comment_status":"closed","ping_status":"closed","template":"thirdplace","meta":{"footnotes":""},"class_list":["post-7","page","type-page","status-publish","has-post-thumbnail","hentry"],"_links":{"self":[{"href":"https:\/\/thirdplacemalaga.com\/es\/wp-json\/wp\/v2\/pages\/7","targetHints":{"allow":["GET"]}}],"collection":[{"href":"https:\/\/thirdplacemalaga.com\/es\/wp-json\/wp\/v2\/pages"}],"about":[{"href":"https:\/\/thirdplacemalaga.com\/es\/wp-json\/wp\/v2\/types\/page"}],"author":[{"embeddable":true,"href":"https:\/\/thirdplacemalaga.com\/es\/wp-json\/wp\/v2\/users\/1"}],"replies":[{"embeddable":true,"href":"https:\/\/thirdplacemalaga.com\/es\/wp-json\/wp\/v2\/comments?post=7"}],"version-history":[{"count":26,"href":"https:\/\/thirdplacemalaga.com\/es\/wp-json\/wp\/v2\/pages\/7\/revisions"}],"predecessor-version":[{"id":290,"href":"https:\/\/thirdplacemalaga.com\/es\/wp-json\/wp\/v2\/pages\/7\/revisions\/290"}],"wp:featuredmedia":[{"embeddable":true,"href":"https:\/\/thirdplacemalaga.com\/es\/wp-json\/wp\/v2\/media\/208"}],"wp:attachment":[{"href":"https:\/\/thirdplacemalaga.com\/es\/wp-json\/wp\/v2\/media?parent=7"}],"curies":[{"name":"wp","href":"https:\/\/api.w.org\/{rel}","templated":true}]}}