{"id":167,"date":"2025-09-20T14:31:09","date_gmt":"2025-09-20T14:31:09","guid":{"rendered":"https:\/\/thirdplacemalaga.com\/?page_id=167"},"modified":"2026-01-22T20:12:41","modified_gmt":"2026-01-22T20:12:41","slug":"consciousplayfights","status":"publish","type":"page","link":"https:\/\/thirdplacemalaga.com\/es\/consciousplayfights\/","title":{"rendered":"Conscious Playfights"},"content":{"rendered":"<figure class=\"wp-block-gallery has-nested-images columns-default is-cropped wp-block-gallery-2 is-layout-flex wp-block-gallery-is-layout-flex\">\n<figure class=\"wp-block-image size-large wp-duotone-unset-1\" style=\"margin-top:var(--wp--preset--spacing--70);margin-right:var(--wp--preset--spacing--70);margin-bottom:var(--wp--preset--spacing--70);margin-left:var(--wp--preset--spacing--70)\"><img loading=\"lazy\" decoding=\"async\" width=\"1024\" height=\"576\" data-id=\"168\" src=\"https:\/\/thirdplacemalaga.com\/wp-content\/uploads\/2025\/09\/highres_530266845.webp-1024x576.avif\" alt=\"\" class=\"wp-image-168\" srcset=\"https:\/\/thirdplacemalaga.com\/wp-content\/uploads\/2025\/09\/highres_530266845.webp-1024x576.avif 1024w, https:\/\/thirdplacemalaga.com\/wp-content\/uploads\/2025\/09\/highres_530266845.webp-300x169.avif 300w, https:\/\/thirdplacemalaga.com\/wp-content\/uploads\/2025\/09\/highres_530266845.webp-768x432.avif 768w, https:\/\/thirdplacemalaga.com\/wp-content\/uploads\/2025\/09\/highres_530266845.webp.avif 1080w\" sizes=\"auto, (max-width: 1024px) 100vw, 1024px\" \/><\/figure>\n<\/figure>\n\n\n\n<h3 class=\"wp-block-heading has-text-align-center has-large-font-size\" style=\"padding-top:1.5em;padding-right:0.1em;padding-bottom:1.5em;padding-left:0.1em\">Conscious Playfights:&nbsp;Movement, Connection, Non-Violent Confrontation &amp; Play<\/h3>\n\n\n\n<p class=\"has-text-align-center has-medium-font-size\" style=\"padding-right:10%;padding-bottom:5%;padding-left:10%\">A unique, playful, and dynamic experience where we dive into the world of&nbsp;<strong>conscious play<\/strong>! This is a place to feel embodied connection, and a safe space to explore physicality in a free, expressive, and engaging way.<br>&nbsp;\u00a1Se habla espa\u00f1ol tambi\u00e9n! Fomentamos un entorno biling\u00fce, y la actividad puede ser guiada y explicada tanto en espa\u00f1ol como en ingl\u00e9s.<\/p>\n\n\n\n<div class=\"wp-block-media-text alignwide is-stacked-on-mobile\" style=\"border-style:none;border-width:0px;padding-right:10%;padding-left:10%\"><figure class=\"wp-block-media-text__media\"><img loading=\"lazy\" decoding=\"async\" width=\"1024\" height=\"682\" src=\"https:\/\/thirdplacemalaga.com\/wp-content\/uploads\/2025\/09\/WhatsApp-Image-2025-05-21-at-13.18.29-modified-1024x682.jpeg\" alt=\"\" class=\"wp-image-169 size-full\" srcset=\"https:\/\/thirdplacemalaga.com\/wp-content\/uploads\/2025\/09\/WhatsApp-Image-2025-05-21-at-13.18.29-modified-1024x682.jpeg 1024w, https:\/\/thirdplacemalaga.com\/wp-content\/uploads\/2025\/09\/WhatsApp-Image-2025-05-21-at-13.18.29-modified-300x200.jpeg 300w, https:\/\/thirdplacemalaga.com\/wp-content\/uploads\/2025\/09\/WhatsApp-Image-2025-05-21-at-13.18.29-modified-768x512.jpeg 768w, https:\/\/thirdplacemalaga.com\/wp-content\/uploads\/2025\/09\/WhatsApp-Image-2025-05-21-at-13.18.29-modified-1536x1023.jpeg 1536w, https:\/\/thirdplacemalaga.com\/wp-content\/uploads\/2025\/09\/WhatsApp-Image-2025-05-21-at-13.18.29-modified.jpeg 1600w\" sizes=\"auto, (max-width: 1024px) 100vw, 1024px\" \/><\/figure><div class=\"wp-block-media-text__content\">\n<p class=\"has-text-align-center\"><strong>Each session is a chance to:<\/strong><\/p>\n\n\n\n<ul class=\"wp-block-list\">\n<li>Develop body awareness<\/li>\n\n\n\n<li>Explore physical confrontation in a safe environment<\/li>\n\n\n\n<li>Cultivate trust with your own body and towards other people<\/li>\n\n\n\n<li>Experience the joy of physical play <\/li>\n<\/ul>\n<\/div><\/div>\n\n\n\n<hr class=\"wp-block-separator has-alpha-channel-opacity\" style=\"margin-top:2em;margin-bottom:2em\"\/>\n\n\n\n<h4 class=\"wp-block-heading has-text-align-center has-medium-font-size\" style=\"padding-top:1em;padding-right:10%;padding-bottom:1em;padding-left:10%\">FORMAT<\/h4>\n\n\n\n<p class=\"has-text-align-left\" style=\"padding-top:1em;padding-right:25%;padding-bottom:1em;padding-left:25%\"><strong>Phase 1: Movement &amp; Play<\/strong><br>Let your inner child roam free! We\u2019ll engage in interactive group dynamics where we move and warmup in fun ways. You can expect:<br>&#8211; Creative icebreakers to loosen up<br>&#8211; Connecting with others through touch<br>&#8211; Silly Movement<br>&#8211; Awakening the body &amp; shaking off stiffness<br>&#8211; Laughs and smiles<\/p>\n\n\n\n<p style=\"padding-top:1em;padding-right:25%;padding-bottom:1em;padding-left:25%\"><strong>Phase 2: Conscious Playfights<\/strong><br>Ever wondered what it\u2019s like to playfully wrestle, explore strength, and set physical boundaries in a safe, consensual, and controlled way? This is your chance! Expect the following:<br>&#8211; Non-violent playful &amp; physical confrontation<br>&#8211; Connecting through resistance, safely<br>&#8211; Exploring dominance\/submission with consent<br>&#8211; Pushing past comfort zones and fear<br>&#8211; Unlocking emotions &amp; releasing tension<\/p>\n\n\n\n<p class=\"has-text-align-left\" style=\"padding-top:1em;padding-right:25%;padding-bottom:1em;padding-left:25%\"><strong>Phase 3: Cooldown<\/strong><br>We&#8217;ll wrap up each meetup with some gentle relaxation and sharing circle, allowing us to wind down and leave the space feeling calm, centered, and grounded.<\/p>\n\n\n\n<hr class=\"wp-block-separator has-alpha-channel-opacity\" style=\"margin-top:2em;margin-bottom:2em\"\/>\n\n\n\n<h2 class=\"wp-block-heading has-text-align-center has-medium-font-size\" style=\"padding-top:1em;padding-right:10%;padding-bottom:1em;padding-left:10%\">GUIDING PRINCIPLES<\/h2>\n\n\n\n<ul style=\"padding-right:25%;padding-left:25%\" class=\"wp-block-list\">\n<li>This is an inclusive space. All genders, bodies and backgrounds are welcome. Martial arts ability\/background is not required.<\/li>\n\n\n\n<li><a href=\"https:\/\/pastes.io\/playfight-guidelines\" target=\"_blank\" rel=\"noreferrer noopener\">Please read our safety document in advance before attending<\/a><\/li>\n\n\n\n<li>By participating in these sessions, you agree that you do so at your own risk, are voluntarily engaging in these exercises, and assume full responsibility for any potential injuries or effects.<\/li>\n\n\n\n<li>Respect boundaries\u2014your own as well as those of others<\/li>\n<\/ul>\n\n\n\n<hr class=\"wp-block-separator has-alpha-channel-opacity\" style=\"margin-top:2em;margin-bottom:2em\"\/>\n\n\n\n<h3 class=\"wp-block-heading has-text-align-center has-medium-font-size\" style=\"padding-top:1em;padding-right:10%;padding-bottom:1em;padding-left:10%\">PRACTICAL DETAILS<\/h3>\n\n\n\n<ul style=\"padding-right:25%;padding-left:25%\" class=\"wp-block-list\">\n<li>Entrance fee: \u20ac15 solo or \u20ac20 for two\u2014bring a friend, pay \u20ac10 each!<\/li>\n\n\n\n<li>Bring comfortable clothes that allow free movement<\/li>\n\n\n\n<li>Once a month on Saturdays. Get in touch to confirm if it&#8217;s still happening.<\/li>\n<\/ul>\n\n\n\n<p class=\"has-text-align-center has-medium-font-size\" style=\"padding-top:2em;padding-bottom:2em\"><strong>Let&#8217;s play!<\/strong><\/p>\n\n\n\n<p><\/p>","protected":false},"excerpt":{"rendered":"<p>Conscious Playfights:&nbsp;Movement, Connection, Non-Violent Confrontation &amp; Play A unique, playful, and dynamic experience where we dive into the world of&nbsp;conscious play! This is a place to feel embodied connection, and a safe space to explore physicality in a free, expressive, and engaging way.&nbsp;\u00a1Se habla espa\u00f1ol tambi\u00e9n! Fomentamos un entorno biling\u00fce, y la actividad puede ser [&hellip;]<\/p>\n","protected":false},"author":3,"featured_media":168,"parent":0,"menu_order":0,"comment_status":"closed","ping_status":"closed","template":"thirdplace","meta":{"footnotes":""},"class_list":["post-167","page","type-page","status-publish","has-post-thumbnail","hentry"],"_links":{"self":[{"href":"https:\/\/thirdplacemalaga.com\/es\/wp-json\/wp\/v2\/pages\/167","targetHints":{"allow":["GET"]}}],"collection":[{"href":"https:\/\/thirdplacemalaga.com\/es\/wp-json\/wp\/v2\/pages"}],"about":[{"href":"https:\/\/thirdplacemalaga.com\/es\/wp-json\/wp\/v2\/types\/page"}],"author":[{"embeddable":true,"href":"https:\/\/thirdplacemalaga.com\/es\/wp-json\/wp\/v2\/users\/3"}],"replies":[{"embeddable":true,"href":"https:\/\/thirdplacemalaga.com\/es\/wp-json\/wp\/v2\/comments?post=167"}],"version-history":[{"count":11,"href":"https:\/\/thirdplacemalaga.com\/es\/wp-json\/wp\/v2\/pages\/167\/revisions"}],"predecessor-version":[{"id":304,"href":"https:\/\/thirdplacemalaga.com\/es\/wp-json\/wp\/v2\/pages\/167\/revisions\/304"}],"wp:featuredmedia":[{"embeddable":true,"href":"https:\/\/thirdplacemalaga.com\/es\/wp-json\/wp\/v2\/media\/168"}],"wp:attachment":[{"href":"https:\/\/thirdplacemalaga.com\/es\/wp-json\/wp\/v2\/media?parent=167"}],"curies":[{"name":"wp","href":"https:\/\/api.w.org\/{rel}","templated":true}]}}