{"id":149,"date":"2025-09-20T09:53:21","date_gmt":"2025-09-20T09:53:21","guid":{"rendered":"https:\/\/thirdplacemalaga.com\/?page_id=149"},"modified":"2025-11-04T14:52:06","modified_gmt":"2025-11-04T14:52:06","slug":"improvtheatre","status":"publish","type":"page","link":"https:\/\/thirdplacemalaga.com\/es\/improvtheatre\/","title":{"rendered":"Improv Theatre"},"content":{"rendered":"<figure class=\"wp-block-gallery has-nested-images columns-default is-cropped wp-block-gallery-2 is-layout-flex wp-block-gallery-is-layout-flex\">\n<figure class=\"wp-block-image size-large wp-duotone-unset-1\" style=\"margin-top:var(--wp--preset--spacing--70);margin-right:var(--wp--preset--spacing--70);margin-bottom:var(--wp--preset--spacing--70);margin-left:var(--wp--preset--spacing--70)\"><img loading=\"lazy\" decoding=\"async\" width=\"1024\" height=\"576\" data-id=\"150\" src=\"https:\/\/thirdplacemalaga.com\/wp-content\/uploads\/2025\/09\/highres_529976455.webp-1024x576.avif\" alt=\"\" class=\"wp-image-150\" srcset=\"https:\/\/thirdplacemalaga.com\/wp-content\/uploads\/2025\/09\/highres_529976455.webp-1024x576.avif 1024w, https:\/\/thirdplacemalaga.com\/wp-content\/uploads\/2025\/09\/highres_529976455.webp-300x169.avif 300w, https:\/\/thirdplacemalaga.com\/wp-content\/uploads\/2025\/09\/highres_529976455.webp-768x432.avif 768w, https:\/\/thirdplacemalaga.com\/wp-content\/uploads\/2025\/09\/highres_529976455.webp.avif 1414w\" sizes=\"auto, (max-width: 1024px) 100vw, 1024px\" \/><\/figure>\n<\/figure>\n\n\n\n<h3 class=\"wp-block-heading has-text-align-center has-large-font-size\" style=\"padding-top:1.5em;padding-right:0.1em;padding-bottom:0.5em;padding-left:0.1em\">Welcome to the vibrant world of Improv Theatre in M\u00e1laga!<\/h3>\n\n\n\n<h3 class=\"wp-block-heading has-text-align-center has-large-font-size\" style=\"padding-right:0.1em;padding-bottom:1em;padding-left:0.1em\">Bienvenido en el mundo maravilloso de Teatro de Improvisaci\u00f3n en M\u00e1laga!<\/h3>\n\n\n\n<p class=\"has-text-align-center has-medium-font-size\" style=\"padding-right:10%;padding-bottom:1%;padding-left:10%\">Improv Theatre: Spontaneity, Laughter &amp; Creativity! We focus mainly on&nbsp;<strong>short-form (game-based) improvisation<\/strong>, where we create&nbsp;<strong>scenes, stories, and imagined worlds<\/strong>&nbsp;through a series of&nbsp;<strong>fun, fast-paced mini-games.<\/strong><\/p>\n\n\n\n<p class=\"has-text-align-center has-medium-font-size\" style=\"padding-right:10%;padding-bottom:5%;padding-left:10%\"><strong>Teatro de Improvisaci\u00f3n: \u00a1Risas, Creatividad y Espontaneidad!<\/strong>&nbsp;Nos centramos principalmente en <strong>la improvisaci\u00f3n de formato corto (basada en juegos)<\/strong>, en la que creamos <strong>escenas, historias y mundos imaginarios<\/strong> a trav\u00e9s de una serie de <strong>mini-juegos divertidos y trepidantes.<\/strong><\/p>\n\n\n\n<div class=\"wp-block-media-text alignwide is-stacked-on-mobile\" style=\"border-style:none;border-width:0px;padding-right:10%;padding-left:10%\"><figure class=\"wp-block-media-text__media\"><img loading=\"lazy\" decoding=\"async\" width=\"1024\" height=\"768\" src=\"https:\/\/thirdplacemalaga.com\/wp-content\/uploads\/2025\/09\/WhatsApp-Image-2025-02-09-at-22.12.09-1024x768.jpeg\" alt=\"\" class=\"wp-image-151 size-full\" srcset=\"https:\/\/thirdplacemalaga.com\/wp-content\/uploads\/2025\/09\/WhatsApp-Image-2025-02-09-at-22.12.09-1024x768.jpeg 1024w, https:\/\/thirdplacemalaga.com\/wp-content\/uploads\/2025\/09\/WhatsApp-Image-2025-02-09-at-22.12.09-300x225.jpeg 300w, https:\/\/thirdplacemalaga.com\/wp-content\/uploads\/2025\/09\/WhatsApp-Image-2025-02-09-at-22.12.09-768x576.jpeg 768w, https:\/\/thirdplacemalaga.com\/wp-content\/uploads\/2025\/09\/WhatsApp-Image-2025-02-09-at-22.12.09.jpeg 1152w\" sizes=\"auto, (max-width: 1024px) 100vw, 1024px\" \/><\/figure><div class=\"wp-block-media-text__content\">\n<p class=\"has-text-align-center\"><strong><strong>Two hours of laughter &amp; creativity every Sunday<\/strong><\/strong> <\/p>\n\n\n\n<ul class=\"wp-block-list\">\n<li><strong>Bilingual &amp; inclusive<\/strong>&nbsp;\u2013 We primarily play in&nbsp;<strong>English<\/strong>, but Spanish makes an appearance too, depending on the group<\/li>\n\n\n\n<li><strong>No experience needed<\/strong>&nbsp;\u2013 Everyone has a creative spark waiting to ignite!<\/li>\n\n\n\n<li><strong>Every session is also a mini class!<\/strong><\/li>\n\n\n\n<li><a href=\"https:\/\/www.youtube.com\/watch?v=ySs9j4GdjT4\" target=\"_blank\" rel=\"noreferrer noopener\">Here&#8217;s an example of how the pros do it<\/a><\/li>\n<\/ul>\n\n\n\n<p class=\"has-text-align-center\"><strong>Dos horas de diversi\u00f3n y creatividad cada domingo<\/strong><\/p>\n\n\n\n<ul class=\"wp-block-list\">\n<li><strong>Biling\u00fce e inclusivo<\/strong>&nbsp;\u2013 Jugamos en&nbsp;<strong>espa\u00f1ol, ingl\u00e9s o ambos<\/strong>, seg\u00fan los asistentes.<\/li>\n\n\n\n<li><strong>No necesitas experiencia<\/strong>&nbsp;\u2013 \u00a1Todos tenemos una chispa creativa esperando encenderse!<\/li>\n\n\n\n<li><strong>Cada sesi\u00f3n tambi\u00e9n es una mini clase.<\/strong><\/li>\n\n\n\n<li><a href=\"https:\/\/www.youtube.com\/shorts\/OLkELl5sx4s\" target=\"_blank\" rel=\"noreferrer noopener\">Un ejemplo de c\u00f3mo lo montan los cracks<\/a><\/li>\n<\/ul>\n<\/div><\/div>\n\n\n\n<hr class=\"wp-block-separator has-alpha-channel-opacity\" style=\"margin-top:2em;margin-bottom:2em\"\/>\n\n\n\n<h4 class=\"wp-block-heading has-text-align-center has-medium-font-size\" style=\"padding-top:1em;padding-right:10%;padding-bottom:1em;padding-left:10%\">WHAT WE DO<\/h4>\n\n\n\n<p class=\"has-text-align-left\" style=\"padding-top:1em;padding-right:25%;padding-bottom:1em;padding-left:25%\">You&#8217;ll not only play and perform but also&nbsp;<strong>learn the fundamentals of great improv<\/strong>\u2014what makes a scene work, how to build compelling stories, and how to shine on stage. <\/p>\n\n\n\n<p class=\"has-text-align-left\" style=\"padding-top:1em;padding-right:25%;padding-bottom:1em;padding-left:25%\">No deep theory, no technical overload\u2014just&nbsp;<strong>fun, practical insights<\/strong>&nbsp;to help you grow while playing!<\/p>\n\n\n\n<p class=\"has-text-align-left\" style=\"padding-top:1em;padding-right:25%;padding-bottom:1em;padding-left:25%\">Immerse yourself in a&nbsp;<strong>welcoming community<\/strong>&nbsp;where&nbsp;<strong>spontaneity knows no bounds<\/strong> and unleash your&nbsp;<strong>inner performer.<\/strong>&nbsp;Ready to&nbsp;<strong>jump in<\/strong>?<\/p>\n\n\n\n<hr class=\"wp-block-separator has-alpha-channel-opacity\" style=\"margin-top:2em;margin-bottom:2em\"\/>\n\n\n\n<h2 class=\"wp-block-heading has-text-align-center has-medium-font-size\" style=\"padding-top:1em;padding-right:10%;padding-bottom:1em;padding-left:10%\">QUE HACEMOS<\/h2>\n\n\n\n<p style=\"padding-top:1em;padding-right:25%;padding-bottom:1em;padding-left:25%\">Adem\u00e1s de jugar y actuar,&nbsp;<strong>aprender\u00e1s los fundamentos clave<\/strong>&nbsp;para hacer que una escena funcione, contar historias interesantes y destacar en el escenario. <\/p>\n\n\n\n<p style=\"padding-top:1em;padding-right:25%;padding-bottom:1em;padding-left:25%\">No nos metemos en demasiada teor\u00eda, solo lo esencial para que&nbsp;<strong>te diviertas y mejores al mismo tiempo.<\/strong><\/p>\n\n\n\n<p style=\"padding-top:1em;padding-right:25%;padding-bottom:1em;padding-left:25%\">Sum\u00e9rgete en&nbsp;<strong>juegos din\u00e1micos<\/strong>&nbsp;y forma parte de una&nbsp;<strong>comunidad acogedora<\/strong>&nbsp;donde la&nbsp;<strong>espontaneidad es la reina.<\/strong>&nbsp;\u00bfTe animas?<\/p>\n\n\n\n<hr class=\"wp-block-separator has-alpha-channel-opacity\" style=\"margin-top:2em;margin-bottom:2em\"\/>\n\n\n\n<h3 class=\"wp-block-heading has-text-align-center has-medium-font-size\" style=\"padding-top:1em;padding-right:10%;padding-bottom:1em;padding-left:10%\">PRACTICAL DETAILS<\/h3>\n\n\n\n<ul style=\"padding-right:25%;padding-left:25%\" class=\"wp-block-list\">\n<li>Entrance fee\/Entradas: 10\u20ac <\/li>\n\n\n\n<li>Sundays\/Domingos | 16:00 &#8211; 18:00<\/li>\n<\/ul>\n\n\n\n<p class=\"has-text-align-center has-medium-font-size\" style=\"padding-top:2em;padding-bottom:2em\"><strong><strong>Come play, learn, and laugh with us!<\/strong><\/strong><\/p>\n\n\n\n<div class=\"wp-block-buttons is-content-justification-center is-layout-flex wp-container-core-buttons-is-layout-a89b3969 wp-block-buttons-is-layout-flex\">\n<div class=\"wp-block-button has-custom-width wp-block-button__width-50 is-style-outline is-style-outline--3\"><a class=\"wp-block-button__link has-text-align-center wp-element-button\" href=\"https:\/\/thirdplacemalaga.com\/es\/calendar\/\" style=\"border-width:1px;border-radius:20px\">Check our calendar for the next event<\/a><\/div>\n<\/div>","protected":false},"excerpt":{"rendered":"<p>Welcome to the vibrant world of Improv Theatre in M\u00e1laga! Bienvenido en el mundo maravilloso de Teatro de Improvisaci\u00f3n en M\u00e1laga! Improv Theatre: Spontaneity, Laughter &amp; Creativity! We focus mainly on&nbsp;short-form (game-based) improvisation, where we create&nbsp;scenes, stories, and imagined worlds&nbsp;through a series of&nbsp;fun, fast-paced mini-games. Teatro de Improvisaci\u00f3n: \u00a1Risas, Creatividad y Espontaneidad!&nbsp;Nos centramos principalmente en [&hellip;]<\/p>\n","protected":false},"author":3,"featured_media":150,"parent":0,"menu_order":0,"comment_status":"closed","ping_status":"closed","template":"thirdplace","meta":{"footnotes":""},"class_list":["post-149","page","type-page","status-publish","has-post-thumbnail","hentry"],"_links":{"self":[{"href":"https:\/\/thirdplacemalaga.com\/es\/wp-json\/wp\/v2\/pages\/149","targetHints":{"allow":["GET"]}}],"collection":[{"href":"https:\/\/thirdplacemalaga.com\/es\/wp-json\/wp\/v2\/pages"}],"about":[{"href":"https:\/\/thirdplacemalaga.com\/es\/wp-json\/wp\/v2\/types\/page"}],"author":[{"embeddable":true,"href":"https:\/\/thirdplacemalaga.com\/es\/wp-json\/wp\/v2\/users\/3"}],"replies":[{"embeddable":true,"href":"https:\/\/thirdplacemalaga.com\/es\/wp-json\/wp\/v2\/comments?post=149"}],"version-history":[{"count":7,"href":"https:\/\/thirdplacemalaga.com\/es\/wp-json\/wp\/v2\/pages\/149\/revisions"}],"predecessor-version":[{"id":276,"href":"https:\/\/thirdplacemalaga.com\/es\/wp-json\/wp\/v2\/pages\/149\/revisions\/276"}],"wp:featuredmedia":[{"embeddable":true,"href":"https:\/\/thirdplacemalaga.com\/es\/wp-json\/wp\/v2\/media\/150"}],"wp:attachment":[{"href":"https:\/\/thirdplacemalaga.com\/es\/wp-json\/wp\/v2\/media?parent=149"}],"curies":[{"name":"wp","href":"https:\/\/api.w.org\/{rel}","templated":true}]}}